{"id":307,"date":"2021-01-26T12:02:31","date_gmt":"2021-01-26T10:02:31","guid":{"rendered":"http:\/\/ritualreich.nonhoff.info\/?post_type=product&#038;p=307"},"modified":"2021-01-26T12:04:52","modified_gmt":"2021-01-26T10:04:52","slug":"boandl-robert-gockner","status":"publish","type":"product","link":"https:\/\/ritualreich.nonhoff.info\/?product=boandl-robert-gockner","title":{"rendered":"Boandl &#8211; Robert Gockner"},"content":{"rendered":"<h3>Sculpture &#8211; Boandl, 2020<\/h3>\n<h4>Artist &#8211; Robert Gockner<\/h4>\n<p>Der Boandl kommt und holt die verlorenen Seelen ab. Hier die eindrucksvolle Skulptur mit einem Findling und an einen Bauern erinnernden Aufbau und K\u00f6rper aus Metall.<\/p>\n","protected":false},"excerpt":{"rendered":"<p>Der Boandl ist bekannt aus dem Boandl Kramer. Die Figur die kommt wenn unser Leben in diesem K\u00f6rper dem Ende zu geht.<\/p>\n<p>Wenn es einen Gedanken gibt, der unser Wesen zum guten ver\u00e4ndert, dann ist es der Gedanke an den Tod, an unsere Verg\u00e4nglichkeit. Er motiviert uns sich unseren \u00c4ngsten zu stellen und im Leben f\u00fcr das einzutreten, was wirklich wichtig ist.<\/p>\n<p>Im Dialog mit dem Boandl kommen wir uns und unserem Wesen n\u00e4her.<\/p>\n<p>Diese Stahl Stein Skulptur ist eine der gr\u00f6\u00dften Arbeiten Gockners, der die Findlinge auf dem Hof zum Leben erweckt.<\/p>\n<p>&nbsp;<\/p>\n<p>&nbsp;<\/p>\n","protected":false},"featured_media":310,"comment_status":"closed","ping_status":"closed","template":"","meta":[],"product_brand":[],"product_cat":[25],"product_tag":[],"class_list":{"0":"post-307","1":"product","2":"type-product","3":"status-publish","4":"has-post-thumbnail","6":"product_cat-unkategorisiert","8":"first","9":"instock","10":"shipping-taxable","11":"product-type-simple"},"_links":{"self":[{"href":"https:\/\/ritualreich.nonhoff.info\/index.php?rest_route=\/wp\/v2\/product\/307","targetHints":{"allow":["GET"]}}],"collection":[{"href":"https:\/\/ritualreich.nonhoff.info\/index.php?rest_route=\/wp\/v2\/product"}],"about":[{"href":"https:\/\/ritualreich.nonhoff.info\/index.php?rest_route=\/wp\/v2\/types\/product"}],"replies":[{"embeddable":true,"href":"https:\/\/ritualreich.nonhoff.info\/index.php?rest_route=%2Fwp%2Fv2%2Fcomments&post=307"}],"wp:featuredmedia":[{"embeddable":true,"href":"https:\/\/ritualreich.nonhoff.info\/index.php?rest_route=\/wp\/v2\/media\/310"}],"wp:attachment":[{"href":"https:\/\/ritualreich.nonhoff.info\/index.php?rest_route=%2Fwp%2Fv2%2Fmedia&parent=307"}],"wp:term":[{"taxonomy":"product_brand","embeddable":true,"href":"https:\/\/ritualreich.nonhoff.info\/index.php?rest_route=%2Fwp%2Fv2%2Fproduct_brand&post=307"},{"taxonomy":"product_cat","embeddable":true,"href":"https:\/\/ritualreich.nonhoff.info\/index.php?rest_route=%2Fwp%2Fv2%2Fproduct_cat&post=307"},{"taxonomy":"product_tag","embeddable":true,"href":"https:\/\/ritualreich.nonhoff.info\/index.php?rest_route=%2Fwp%2Fv2%2Fproduct_tag&post=307"}],"curies":[{"name":"wp","href":"https:\/\/api.w.org\/{rel}","templated":true}]}}