{"id":194,"date":"2020-07-14T11:18:27","date_gmt":"2020-07-14T09:18:27","guid":{"rendered":"http:\/\/ritualreich.nonhoff.info\/?page_id=194"},"modified":"2026-03-03T13:44:43","modified_gmt":"2026-03-03T11:44:43","slug":"home","status":"publish","type":"page","link":"https:\/\/ritualreich.nonhoff.info\/","title":{"rendered":"Kosmischer Kraftort Kunst"},"content":{"rendered":"\n<h2 class=\"wp-block-heading\">Kunst kreiert Kraft.<\/h2>\n\n\n\n<p>Kunst ist kein Produkt.<br>Sie ist ein Raum.<\/p>\n\n\n\n<p>Ein Raum f\u00fcr Freiheit.<br>F\u00fcr Mut.<br>F\u00fcr Dialog.<\/p>\n\n\n\n<p>F\u00fcr das, was sich nicht erkl\u00e4ren l\u00e4sst \u2013<br>aber sp\u00fcrbar wird.<\/p>\n\n\n\n<p>Kunst kann zart sein.<br>Oder radikal.<br>Still.<br>Oder komisch.<\/p>\n\n\n\n<p>Manchmal kosmisch.<\/p>\n\n\n\n<p>Kunst ist kein Ort au\u00dferhalb von uns.<br>Sie entsteht dort,<br>wo jemand den Mut hat, etwas sichtbar zu machen.<\/p>\n\n\n\n<p>Jeder Mensch tr\u00e4gt diesen Raum in sich.<br>Manche nennen ihn Kunst.<br>Andere nennen ihn Leben.<\/p>\n\n\n\n<p>Kunst braucht keinen gro\u00dfen Namen.<br>Aber sie hat Wert.<\/p>\n\n\n\n<p>Sie tr\u00e4gt keine Etiketten.<br>Aber sie tr\u00e4gt Bedeutung.<\/p>\n\n\n\n<p>Kunst ist kein Kampf.<br>Sie ist eine Bewegung.<\/p>\n\n\n\n<p>Eine Bewegung nach innen.<br>Und wieder nach au\u00dfen.<\/p>\n\n\n\n<h2 class=\"wp-block-heading\"><br>Zeitreich &#8211; Kunst und Literatur<\/h2>\n\n\n\n<p>Kunst rund um Zeit, Wort und Wandlung.<br>Literatur, Aquarelle und digitale Werke.<\/p>\n\n\n\n<p><a href=\"http:\/\/www.zeitreich.de\">www.zeitreich.de<\/a><\/p>\n\n\n\n<p>Digitale Aquarell-Kollektionen im Tezos-Universum.<br>Kunst als Experiment, als Resonanz, als Dialog.<\/p>\n\n\n\n<p><a href=\"http:\/\/www.liebesreich.de\">www.liebesreich.de<\/a><br>Kunst als Umarmung f\u00fcr das sonst Unsichtbare.<\/p>\n\n\n\n<p><\/p>\n\n\n\n<h2 class=\"wp-block-heading\">Hinweis zur Vortex Skulpturen Galerie (Weiding)<\/h2>\n\n\n\n<p>Die Vortex Skulpturen Galerie in Weiding war bis 2023 ein besonderer Ort f\u00fcr Kunst und Begegnung.<br>Sie ist heute geschlossen.<\/p>\n\n\n\n<p>Bitte besucht diesen Ort nicht mehr.<br>Er dient inzwischen wieder als privater Raum.<\/p>\n\n\n\n<p>Danke f\u00fcr eure R\u00fccksicht.<\/p>\n\n\n\n<h4 class=\"wp-block-heading\">Hier der Artikel der S\u00fcddeutsche Zeitung \u00fcber die Vortex Skulpturen Galerie in Weiding, 2021, die seit 2023 geschlossen wurde und geschlossen ist. <\/h4>\n\n\n\n<figure class=\"wp-block-image size-large\"><a href=\"http:\/\/ritualreich.nonhoff.info\/wp-content\/uploads\/2021\/01\/vortex_skulpturen.jpg\"><img loading=\"lazy\" decoding=\"async\" width=\"1024\" height=\"766\" src=\"http:\/\/ritualreich.nonhoff.info\/wp-content\/uploads\/2021\/01\/vortex_skulpturen-1024x766.jpg\" alt=\"\" class=\"wp-image-280\" srcset=\"https:\/\/ritualreich.nonhoff.info\/wp-content\/uploads\/2021\/01\/vortex_skulpturen-1024x766.jpg 1024w, https:\/\/ritualreich.nonhoff.info\/wp-content\/uploads\/2021\/01\/vortex_skulpturen-300x224.jpg 300w, https:\/\/ritualreich.nonhoff.info\/wp-content\/uploads\/2021\/01\/vortex_skulpturen-768x575.jpg 768w, https:\/\/ritualreich.nonhoff.info\/wp-content\/uploads\/2021\/01\/vortex_skulpturen-1536x1149.jpg 1536w, https:\/\/ritualreich.nonhoff.info\/wp-content\/uploads\/2021\/01\/vortex_skulpturen-600x449.jpg 600w, https:\/\/ritualreich.nonhoff.info\/wp-content\/uploads\/2021\/01\/vortex_skulpturen.jpg 1600w\" sizes=\"auto, (max-width: 1024px) 100vw, 1024px\" \/><\/a><\/figure>\n\n\n\n<p>Bitte besucht diesen Ort nicht mehr, an ihm wird jetzt wieder geschmiedet und gewohnt. Danke f\u00fcr eure Vorsicht und R\u00fccksicht.<\/p>\n\n\n\n<p><\/p>\n","protected":false},"excerpt":{"rendered":"<p>Kunst kreiert Kraft. Kunst ist kein Produkt.Sie ist ein Raum. Ein Raum f\u00fcr Freiheit.F\u00fcr Mut.F\u00fcr Dialog. F\u00fcr das, was sich nicht erkl\u00e4ren l\u00e4sst \u2013aber sp\u00fcrbar wird. Kunst kann zart sein.Oder radikal.Still.Oder komisch. Manchmal kosmisch. Kunst [&hellip;]<\/p>\n","protected":false},"author":51,"featured_media":366,"parent":0,"menu_order":0,"comment_status":"closed","ping_status":"closed","template":"","meta":{"footnotes":""},"class_list":["post-194","page","type-page","status-publish","has-post-thumbnail","hentry"],"_links":{"self":[{"href":"https:\/\/ritualreich.nonhoff.info\/index.php?rest_route=\/wp\/v2\/pages\/194","targetHints":{"allow":["GET"]}}],"collection":[{"href":"https:\/\/ritualreich.nonhoff.info\/index.php?rest_route=\/wp\/v2\/pages"}],"about":[{"href":"https:\/\/ritualreich.nonhoff.info\/index.php?rest_route=\/wp\/v2\/types\/page"}],"author":[{"embeddable":true,"href":"https:\/\/ritualreich.nonhoff.info\/index.php?rest_route=\/wp\/v2\/users\/51"}],"replies":[{"embeddable":true,"href":"https:\/\/ritualreich.nonhoff.info\/index.php?rest_route=%2Fwp%2Fv2%2Fcomments&post=194"}],"version-history":[{"count":26,"href":"https:\/\/ritualreich.nonhoff.info\/index.php?rest_route=\/wp\/v2\/pages\/194\/revisions"}],"predecessor-version":[{"id":421,"href":"https:\/\/ritualreich.nonhoff.info\/index.php?rest_route=\/wp\/v2\/pages\/194\/revisions\/421"}],"wp:featuredmedia":[{"embeddable":true,"href":"https:\/\/ritualreich.nonhoff.info\/index.php?rest_route=\/wp\/v2\/media\/366"}],"wp:attachment":[{"href":"https:\/\/ritualreich.nonhoff.info\/index.php?rest_route=%2Fwp%2Fv2%2Fmedia&parent=194"}],"curies":[{"name":"wp","href":"https:\/\/api.w.org\/{rel}","templated":true}]}}